{"id":27,"date":"2020-02-10T22:22:12","date_gmt":"2020-02-10T22:22:12","guid":{"rendered":"http:\/\/wgl-dsites.net\/zikzag\/?page_id=27"},"modified":"2020-02-10T22:22:12","modified_gmt":"2020-02-10T22:22:12","slug":"blog-listing","status":"publish","type":"page","link":"https:\/\/siason.com.br\/rede1\/blog-listing\/","title":{"rendered":"Blog Listing"},"content":{"rendered":"\t\t<div data-elementor-type=\"wp-page\" data-elementor-id=\"27\" class=\"elementor elementor-27\" data-elementor-post-type=\"page\">\n\t\t\t\t\t\t<section class=\"elementor-section elementor-top-section elementor-element elementor-element-c337597 elementor-section-boxed elementor-section-height-default elementor-section-height-default\" data-id=\"c337597\" data-element_type=\"section\" data-e-type=\"section\">\n\t\t\t\t\t\t<div class=\"elementor-container elementor-column-gap-default\">\n\t\t\t\t\t<div class=\"elementor-column elementor-col-100 elementor-top-column elementor-element elementor-element-0f5fb7a\" data-id=\"0f5fb7a\" data-element_type=\"column\" data-e-type=\"column\">\n\t\t\t<div class=\"elementor-widget-wrap elementor-element-populated\">\n\t\t\t\t\t\t<div class=\"elementor-element elementor-element-c94b300 elementor-widget elementor-widget-wgl-blog\" data-id=\"c94b300\" data-element_type=\"widget\" data-e-type=\"widget\" data-settings=\"{&quot;blog_columns&quot;:&quot;12&quot;}\" data-widget_type=\"wgl-blog.default\">\n\t\t\t\t<div class=\"elementor-widget-container\">\n\t\t\t\t\t<section class=\"wgl_cpt_section\"><div class=\"blog-posts\"><div class=\"container-grid row  blog_columns-1 grid blog-style-standard\"><div class=\"wgl_col-12 item\"><div class=\"blog-post format-standard format-no_featured\"><div class=\"blog-post_wrapper\"><span class=\"post_date\"><span>17<\/span> jul<\/span><span class=\"post_meta-categories\"><span><a href=\"https:\/\/siason.com.br\/rede1\/category\/blog\/\">Blog<\/a><\/span><\/span><div class=\"blog-post_content\"><h3 class=\"blog-post_title\"><a href=\"https:\/\/siason.com.br\/rede1\/delivering-what-consumers-really-value-2\/\">Entregando o que os consumidores realmente valorizam<\/a><\/h3><div class=\"blog-post_text\"><p>On the other hand, organizations have the need for integrating in IT departments new technologies often using cloud services and other ways of direct access to the web. This pressure for IT departments to...<\/p><\/div><div class=\"blog-post_meta-wrap\"><a href=\"https:\/\/siason.com.br\/rede1\/delivering-what-consumers-really-value-2\/\" class=\"button-read-more\"><span class=\"read-more-arrow\"><\/span>Read More<\/a><div class=\"meta-info-wrap\"><div class=\"meta-wrapper\"><div class=\"sl-wrapper wgl-likes\"><a href=\"https:\/\/siason.com.br\/rede1\/wp-admin\/admin-ajax.php?action=zikzag_like&post_id=884&nonce=4169eabbfb&is_comment=0&disabled=true\" class=\"sl-button sl-button-884\" data-nonce=\"4169eabbfb\" data-post-id=\"884\" data-iscomment=\"0\" data-title-like=\"Like\" data-title-unlike=\"Unlike\" title=\"Like\"><span class=\"sl-icon flaticon-heart liked\"><\/span><span class=\"sl-count\">13<\/span><\/a><span class=\"sl-loader\"><\/span><\/div><\/div><\/div><\/div><\/div><\/div><\/div><\/div><div class=\"wgl_col-12 item\"><div class=\"blog-post format-gallery\"><div class=\"blog-post_wrapper\"><div class=\"blog-post_media\"><div class=\"blog-post_media_part\">\t\t\t<div class=\"slider-wrapper theme-default wgl-carousel\">\r\n\t\t\t\t<div class=\"blog-post_media-slider_slick wgl-carousel_slick fade_slick\">\r\n\t\t\t\t<div class=\"item_slick\"><span><img src='https:\/\/siason.com.br\/rede1\/wp-content\/uploads\/2020\/02\/blog_05-1170x725.jpg' alt='' \/><\/span><\/div>\t\t\t\t<\/div>\r\n\t\t\t<\/div><\/div><\/div><span class=\"post_date\"><span>11<\/span> jul<\/span><span class=\"post_meta-categories\"><span><a href=\"https:\/\/siason.com.br\/rede1\/category\/blog\/\">Blog<\/a><\/span><\/span><div class=\"blog-post_content\"><h3 class=\"blog-post_title\"><a href=\"https:\/\/siason.com.br\/rede1\/when-sustainability-requires-change-2\/\">Quando a sustentabilidade exige mudan\u00e7a<\/a><\/h3><div class=\"blog-post_text\"><p>On the other hand, organizations have the need for integrating in IT departments new technologies often using cloud services and other ways of direct access to the web. This pressure for IT departments to...<\/p><\/div><div class=\"blog-post_meta-wrap\"><a href=\"https:\/\/siason.com.br\/rede1\/when-sustainability-requires-change-2\/\" class=\"button-read-more\"><span class=\"read-more-arrow\"><\/span>Read More<\/a><div class=\"meta-info-wrap\"><div class=\"meta-wrapper\"><div class=\"sl-wrapper wgl-likes\"><a href=\"https:\/\/siason.com.br\/rede1\/wp-admin\/admin-ajax.php?action=zikzag_like&post_id=878&nonce=4169eabbfb&is_comment=0&disabled=true\" class=\"sl-button sl-button-878\" data-nonce=\"4169eabbfb\" data-post-id=\"878\" data-iscomment=\"0\" data-title-like=\"Like\" data-title-unlike=\"Unlike\" title=\"Like\"><span class=\"sl-icon flaticon-heart liked\"><\/span><span class=\"sl-count\">10<\/span><\/a><span class=\"sl-loader\"><\/span><\/div><\/div><\/div><\/div><\/div><\/div><\/div><\/div><div class=\"wgl_col-12 item\"><div class=\"blog-post format-standard-image\"><div class=\"blog-post_wrapper\"><div class=\"blog-post_media\"><div class=\"blog-post_media_part\"><a href=\"https:\/\/siason.com.br\/rede1\/automation-nation-whose-job-is-next\/\" class=\"blog-post_feature-link\"><img src='https:\/\/siason.com.br\/rede1\/wp-content\/uploads\/2020\/02\/blog_12-1170x725.jpg' alt='' \/><\/a><\/div><\/div><span class=\"post_date\"><span>01<\/span> jun<\/span><span class=\"post_meta-categories\"><span><a href=\"https:\/\/siason.com.br\/rede1\/category\/blog\/\">Blog<\/a><\/span><\/span><div class=\"blog-post_content\"><h3 class=\"blog-post_title\"><a href=\"https:\/\/siason.com.br\/rede1\/automation-nation-whose-job-is-next\/\">Na\u00e7\u00e3o da automa\u00e7\u00e3o: de quem ser\u00e1 o pr\u00f3ximo trabalho?<\/a><\/h3><div class=\"blog-post_text\"><p>On the other hand, organizations have the need for integrating in IT departments new technologies often using cloud services and other ways of direct access to the web. This pressure for IT departments to...<\/p><\/div><div class=\"blog-post_meta-wrap\"><a href=\"https:\/\/siason.com.br\/rede1\/automation-nation-whose-job-is-next\/\" class=\"button-read-more\"><span class=\"read-more-arrow\"><\/span>Read More<\/a><div class=\"meta-info-wrap\"><div class=\"meta-wrapper\"><div class=\"sl-wrapper wgl-likes\"><a href=\"https:\/\/siason.com.br\/rede1\/wp-admin\/admin-ajax.php?action=zikzag_like&post_id=861&nonce=4169eabbfb&is_comment=0&disabled=true\" class=\"sl-button sl-button-861\" data-nonce=\"4169eabbfb\" data-post-id=\"861\" data-iscomment=\"0\" data-title-like=\"Like\" data-title-unlike=\"Unlike\" title=\"Like\"><span class=\"sl-icon flaticon-heart liked\"><\/span><span class=\"sl-count\">12<\/span><\/a><span class=\"sl-loader\"><\/span><\/div><\/div><\/div><\/div><\/div><\/div><\/div><\/div><div class=\"wgl_col-12 item\"><div class=\"blog-post format-standard-image\"><div class=\"blog-post_wrapper\"><div class=\"blog-post_media\"><div class=\"blog-post_media_part\"><a href=\"https:\/\/siason.com.br\/rede1\/delivering-what-consumers-really-value-2-2\/\" class=\"blog-post_feature-link\"><img src='https:\/\/siason.com.br\/rede1\/wp-content\/uploads\/2020\/02\/blog_01-1170x725.jpg' alt='' \/><\/a><\/div><\/div><span class=\"post_date\"><span>24<\/span> fev<\/span><span class=\"post_meta-categories\"><span><a href=\"https:\/\/siason.com.br\/rede1\/category\/business\/\">Business<\/a><\/span><span><a href=\"https:\/\/siason.com.br\/rede1\/category\/news\/\">News<\/a><\/span><\/span><div class=\"blog-post_content\"><h3 class=\"blog-post_title\"><a href=\"https:\/\/siason.com.br\/rede1\/delivering-what-consumers-really-value-2-2\/\">Delivering What Consumers Really Value<\/a><\/h3><div class=\"blog-post_text\"><p>On the other hand, organizations have the need for integrating in IT departments new technologies often using cloud services and other ways of direct access to the web. This pressure for IT departments to...<\/p><\/div><div class=\"blog-post_meta-wrap\"><a href=\"https:\/\/siason.com.br\/rede1\/delivering-what-consumers-really-value-2-2\/\" class=\"button-read-more\"><span class=\"read-more-arrow\"><\/span>Read More<\/a><div class=\"meta-info-wrap\"><div class=\"meta-wrapper\"><div class=\"sl-wrapper wgl-likes\"><a href=\"https:\/\/siason.com.br\/rede1\/wp-admin\/admin-ajax.php?action=zikzag_like&post_id=6130&nonce=4169eabbfb&is_comment=0&disabled=true\" class=\"sl-button sl-button-6130\" data-nonce=\"4169eabbfb\" data-post-id=\"6130\" data-iscomment=\"0\" data-title-like=\"Like\" data-title-unlike=\"Unlike\" title=\"Like\"><span class=\"sl-icon flaticon-heart liked\"><\/span><span class=\"sl-count\">17<\/span><\/a><span class=\"sl-loader\"><\/span><\/div><\/div><\/div><\/div><\/div><\/div><\/div><\/div><div class=\"wgl_col-12 item\"><div class=\"blog-post format-standard format-no_featured\"><div class=\"blog-post_wrapper\"><span class=\"post_date\"><span>24<\/span> fev<\/span><span class=\"post_meta-categories\"><span><a href=\"https:\/\/siason.com.br\/rede1\/category\/finance\/\">Finance<\/a><\/span><\/span><div class=\"blog-post_content\"><h3 class=\"blog-post_title\"><a href=\"https:\/\/siason.com.br\/rede1\/what-gets-in-the-way-of-great-strategy\/\">What Gets in the Way of Great Strategy?<\/a><\/h3><div class=\"blog-post_text\"><p>On the other hand, organizations have the need for integrating in IT departments new technologies often using cloud services and other ways of direct access to the web. This pressure for IT departments to...<\/p><\/div><div class=\"blog-post_meta-wrap\"><a href=\"https:\/\/siason.com.br\/rede1\/what-gets-in-the-way-of-great-strategy\/\" class=\"button-read-more\"><span class=\"read-more-arrow\"><\/span>Read More<\/a><div class=\"meta-info-wrap\"><div class=\"meta-wrapper\"><div class=\"sl-wrapper wgl-likes\"><a href=\"https:\/\/siason.com.br\/rede1\/wp-admin\/admin-ajax.php?action=zikzag_like&post_id=881&nonce=4169eabbfb&is_comment=0&disabled=true\" class=\"sl-button sl-button-881\" data-nonce=\"4169eabbfb\" data-post-id=\"881\" data-iscomment=\"0\" data-title-like=\"Like\" data-title-unlike=\"Unlike\" title=\"Like\"><span class=\"sl-icon flaticon-heart liked\"><\/span><span class=\"sl-count\">11<\/span><\/a><span class=\"sl-loader\"><\/span><\/div><\/div><\/div><\/div><\/div><\/div><\/div><\/div><div class=\"wgl_col-12 item\"><div class=\"blog-post format-gallery\"><div class=\"blog-post_wrapper\"><div class=\"blog-post_media\"><div class=\"blog-post_media_part\">\t\t\t<div class=\"slider-wrapper theme-default wgl-carousel\">\r\n\t\t\t\t<div class=\"blog-post_media-slider_slick wgl-carousel_slick fade_slick\">\r\n\t\t\t\t<div class=\"item_slick\"><span><img src='https:\/\/siason.com.br\/rede1\/wp-content\/uploads\/2020\/02\/blog_05-1170x725.jpg' alt='' \/><\/span><\/div>\t\t\t\t<\/div>\r\n\t\t\t<\/div><\/div><\/div><span class=\"post_date\"><span>24<\/span> fev<\/span><span class=\"post_meta-categories\"><span><a href=\"https:\/\/siason.com.br\/rede1\/category\/analysis\/\">Analysis<\/a><\/span><span><a href=\"https:\/\/siason.com.br\/rede1\/category\/news\/\">News<\/a><\/span><\/span><div class=\"blog-post_content\"><h3 class=\"blog-post_title\"><a href=\"https:\/\/siason.com.br\/rede1\/when-sustainability-requires-change-2-2\/\">When Sustainability Requires Change<\/a><\/h3><div class=\"blog-post_text\"><p>On the other hand, organizations have the need for integrating in IT departments new technologies often using cloud services and other ways of direct access to the web. This pressure for IT departments to...<\/p><\/div><div class=\"blog-post_meta-wrap\"><a href=\"https:\/\/siason.com.br\/rede1\/when-sustainability-requires-change-2-2\/\" class=\"button-read-more\"><span class=\"read-more-arrow\"><\/span>Read More<\/a><div class=\"meta-info-wrap\"><div class=\"meta-wrapper\"><div class=\"sl-wrapper wgl-likes\"><a href=\"https:\/\/siason.com.br\/rede1\/wp-admin\/admin-ajax.php?action=zikzag_like&post_id=6129&nonce=4169eabbfb&is_comment=0&disabled=true\" class=\"sl-button sl-button-6129\" data-nonce=\"4169eabbfb\" data-post-id=\"6129\" data-iscomment=\"0\" data-title-like=\"Like\" data-title-unlike=\"Unlike\" title=\"Like\"><span class=\"sl-icon flaticon-heart liked\"><\/span><span class=\"sl-count\">17<\/span><\/a><span class=\"sl-loader\"><\/span><\/div><\/div><\/div><\/div><\/div><\/div><\/div><\/div><div class=\"wgl_col-12 item\"><div class=\"blog-post format-quote format-no_featured\"><div class=\"blog-post_wrapper\"><div class=\"blog-post_media\"><div class=\"blog-post_media_part\"><div class=\"blog-post_quote-icon\"><svg viewBox=\"0 0 62.4 44.8\">\r\n\t\t\t<path class=\"st0\" d=\"M40.8,30.6c-0.9,2.3-1.7,3.9-0.9,6.5c0.7,2.3,2.5,3.9,4.5,5.2c3.7,2.4,8.7,3.6,12.6,0.9\r\n\t\t\t\tc3.8-2.5,5.8-7.3,4.4-11.7c-0.4-1.3-1.2-2.4-2.2-3.2c-2.1-3.2-6.1-4.5-9.9-4.3c-2.2,0.1-4.5,0.8-6.2,2.4c-0.6,0.6-1.1,1.2-1.6,2\r\n\t\t\t\tc-0.2,0.4-0.6,1.4-0.8,2C40.7,30.7,40.6,31.3,40.8,30.6z\"\/>\r\n\t\t\t<path class=\"st0\" d=\"M10,41.2c4.6,3.3,12.4,4.1,15.9-1.2c1-1.5,1.5-3.1,1.6-4.6c0.6-3-0.5-6-2.8-8c-0.5-0.7-1.1-1.3-1.6-2\r\n\t\t\t\tc-1.8-2-4.9-2.2-7.2-1c-2.6,0-5.2,0.7-7.3,2.7C4.1,31.2,5.5,37.9,10,41.2z\"\/>\r\n\t\t\t<path class=\"st1\" d=\"M42,36.2c-7.2-11.4,14.9-17.4,18.7-4.6c1.7,5.8-2.8,11.2-8.6,11.6c-3.9,0.2-7.6-1.4-10.5-4.1\r\n\t\t\t\tC29,27.4,38.5,10.5,48.7,1.3c0.7-0.7-0.3-1.7-1.1-1.1C39.2,7.9,31.1,19.6,35,31.5c2.8,8.4,12.2,16.1,21.3,12\r\n\t\t\t\tc9.3-4.1,7.1-16.5-1.4-20.1c-8.5-3.5-20.1,4-14.3,13.4C41.2,37.8,42.5,37,42,36.2L42,36.2z\"\/>\r\n\t\t\t<path class=\"st1\" d=\"M8,36.2c-7.2-11.4,14.9-17.4,18.7-4.6c1.7,5.8-2.8,11.2-8.6,11.6c-3.9,0.2-7.6-1.4-10.5-4.1\r\n\t\t\t\tC-5,27.4,4.5,10.5,14.7,1.3c0.7-0.7-0.3-1.7-1.1-1.1C5.2,7.9-2.9,19.6,1,31.5c2.8,8.4,12.2,16.1,21.3,12\r\n\t\t\t\tc9.3-4.1,7.1-16.5-1.4-20.1c-8.5-3.5-20.1,4-14.3,13.4C7.2,37.8,8.5,37,8,36.2L8,36.2z\"\/>\r\n\t\t\t<\/svg><\/div>\t\t\t\t<h4 class=\"blog-post_quote-text\">\u201cThere are no secrets to success. It is the result of preparation, hard work, and learning failure.\u201d<\/h4>\r\n\t\t\t\t\t\t\t\t<div class=\"blog-post_quote-author\"> - Oliver Sandero\t\t\t\t<\/div><\/div><\/div><span class=\"post_date\"><span>24<\/span> fev<\/span><span class=\"post_meta-categories\"><span><a href=\"https:\/\/siason.com.br\/rede1\/category\/finance\/\">Finance<\/a><\/span><\/span><div class=\"blog-post_content\"><h3 class=\"blog-post_title\"><a href=\"https:\/\/siason.com.br\/rede1\/the-disappointing-reality-of-sustainability-efforts\/\">The Disappointing Reality of Sustainability Efforts<\/a><\/h3><div class=\"blog-post_text\"><p>On the other hand, organizations have the need for integrating in IT departments new technologies often using cloud services and other ways of direct access to the web. This pressure for IT departments to...<\/p><\/div><div class=\"blog-post_meta-wrap\"><a href=\"https:\/\/siason.com.br\/rede1\/the-disappointing-reality-of-sustainability-efforts\/\" class=\"button-read-more\"><span class=\"read-more-arrow\"><\/span>Read More<\/a><div class=\"meta-info-wrap\"><div class=\"meta-wrapper\"><div class=\"sl-wrapper wgl-likes\"><a href=\"https:\/\/siason.com.br\/rede1\/wp-admin\/admin-ajax.php?action=zikzag_like&post_id=875&nonce=4169eabbfb&is_comment=0&disabled=true\" class=\"sl-button sl-button-875\" data-nonce=\"4169eabbfb\" data-post-id=\"875\" data-iscomment=\"0\" data-title-like=\"Like\" data-title-unlike=\"Unlike\" title=\"Like\"><span class=\"sl-icon flaticon-heart liked\"><\/span><span class=\"sl-count\">16<\/span><\/a><span class=\"sl-loader\"><\/span><\/div><\/div><\/div><\/div><\/div><\/div><\/div><\/div><\/div><\/div><ul class=\"wgl-pagination \"><li class=\"page\"><span aria-current=\"page\" class=\"page-numbers current\">1<\/span><\/li><li class=\"page\"><a class=\"page-numbers\" href=\"https:\/\/siason.com.br\/rede1\/wp-json\/wp\/v2\/pages\/27\/page\/2\/\">2<\/a><\/li><li class=\"page\"><a class=\"page-numbers\" href=\"https:\/\/siason.com.br\/rede1\/wp-json\/wp\/v2\/pages\/27\/page\/3\/\">3<\/a><\/li><li class=\"page\"><a class=\"page-numbers\" href=\"https:\/\/siason.com.br\/rede1\/wp-json\/wp\/v2\/pages\/27\/page\/4\/\">4<\/a><\/li><li class=\"page\"><a class=\"next page-numbers\" href=\"https:\/\/siason.com.br\/rede1\/wp-json\/wp\/v2\/pages\/27\/page\/2\/\"><i class=\"flaticon-keyboard-right-arrow-button\"><\/i><\/a><\/li><\/ul><\/section>\t\t\t\t<\/div>\n\t\t\t\t<\/div>\n\t\t\t\t<div class=\"elementor-element elementor-element-ef41723 elementor-widget elementor-widget-spacer\" data-id=\"ef41723\" data-element_type=\"widget\" data-e-type=\"widget\" data-widget_type=\"spacer.default\">\n\t\t\t\t<div class=\"elementor-widget-container\">\n\t\t\t\t\t\t\t<div class=\"elementor-spacer\">\n\t\t\t<div class=\"elementor-spacer-inner\"><\/div>\n\t\t<\/div>\n\t\t\t\t\t\t<\/div>\n\t\t\t\t<\/div>\n\t\t\t\t\t<\/div>\n\t\t<\/div>\n\t\t\t\t\t<\/div>\n\t\t<\/section>\n\t\t\t\t<\/div>\n\t\t","protected":false},"excerpt":{"rendered":"<p>24 FebruaryBusinessNews Delivering What Consumers Really Value On the other hand, organizations have the need for integrating in IT departments new technologies often using cloud services and other ways of direct access to the web. This pressure for IT departments to&#8230; Read More124 FebruaryFinance What Gets in the Way of Great Strategy? On the other [&hellip;]<\/p>\n","protected":false},"author":2,"featured_media":0,"parent":0,"menu_order":0,"comment_status":"closed","ping_status":"closed","template":"","meta":{"footnotes":""},"class_list":["post-27","page","type-page","status-publish","hentry"],"_links":{"self":[{"href":"https:\/\/siason.com.br\/rede1\/wp-json\/wp\/v2\/pages\/27","targetHints":{"allow":["GET"]}}],"collection":[{"href":"https:\/\/siason.com.br\/rede1\/wp-json\/wp\/v2\/pages"}],"about":[{"href":"https:\/\/siason.com.br\/rede1\/wp-json\/wp\/v2\/types\/page"}],"author":[{"embeddable":true,"href":"https:\/\/siason.com.br\/rede1\/wp-json\/wp\/v2\/users\/2"}],"replies":[{"embeddable":true,"href":"https:\/\/siason.com.br\/rede1\/wp-json\/wp\/v2\/comments?post=27"}],"version-history":[{"count":0,"href":"https:\/\/siason.com.br\/rede1\/wp-json\/wp\/v2\/pages\/27\/revisions"}],"wp:attachment":[{"href":"https:\/\/siason.com.br\/rede1\/wp-json\/wp\/v2\/media?parent=27"}],"curies":[{"name":"wp","href":"https:\/\/api.w.org\/{rel}","templated":true}]}}